{"id":584,"date":"2026-02-25T19:07:24","date_gmt":"2026-02-25T18:07:24","guid":{"rendered":"https:\/\/new.cademin.org\/?page_id=584"},"modified":"2026-02-27T15:14:04","modified_gmt":"2026-02-27T14:14:04","slug":"qui-som","status":"publish","type":"page","link":"https:\/\/cademin.org\/?page_id=584&lang=ca","title":{"rendered":"Qui som?"},"content":{"rendered":"\t\t<div data-elementor-type=\"wp-page\" data-elementor-id=\"584\" class=\"elementor elementor-584\" data-elementor-post-type=\"page\">\n\t\t\t\t<div class=\"elementor-element elementor-element-1d6d532 e-flex e-con-boxed e-con e-parent\" data-id=\"1d6d532\" data-element_type=\"container\" data-e-type=\"container\" data-settings=\"{&quot;background_background&quot;:&quot;classic&quot;}\">\n\t\t\t\t\t<div class=\"e-con-inner\">\n\t\t<div class=\"elementor-element elementor-element-b1f7c10 e-con-full e-flex e-con e-child\" data-id=\"b1f7c10\" data-element_type=\"container\" data-e-type=\"container\">\n\t\t\t\t<div class=\"elementor-element elementor-element-bc90fae elementor-widget elementor-widget-spacer\" data-id=\"bc90fae\" data-element_type=\"widget\" data-e-type=\"widget\" data-widget_type=\"spacer.default\">\n\t\t\t\t\t\t\t<div class=\"elementor-spacer\">\n\t\t\t<div class=\"elementor-spacer-inner\"><\/div>\n\t\t<\/div>\n\t\t\t\t\t\t<\/div>\n\t\t\t\t<div class=\"elementor-element elementor-element-dc01433 elementor-widget elementor-widget-spacer\" data-id=\"dc01433\" data-element_type=\"widget\" data-e-type=\"widget\" data-widget_type=\"spacer.default\">\n\t\t\t\t\t\t\t<div class=\"elementor-spacer\">\n\t\t\t<div class=\"elementor-spacer-inner\"><\/div>\n\t\t<\/div>\n\t\t\t\t\t\t<\/div>\n\t\t\t\t<div class=\"elementor-element elementor-element-c178b73 elementor-widget__width-initial elementor-widget elementor-widget-heading\" data-id=\"c178b73\" data-element_type=\"widget\" data-e-type=\"widget\" data-widget_type=\"heading.default\">\n\t\t\t\t\t<h2 class=\"elementor-heading-title elementor-size-default\">QUI\nSOM<\/h2>\t\t\t\t<\/div>\n\t\t\t\t<div class=\"elementor-element elementor-element-8604a10 elementor-widget elementor-widget-text-editor\" data-id=\"8604a10\" data-element_type=\"widget\" data-e-type=\"widget\" data-widget_type=\"text-editor.default\">\n\t\t\t\t\t\t\t\t\t<p>Una forma diferent d&#8217;entendre l&#8217;FP<\/p>\t\t\t\t\t\t\t\t<\/div>\n\t\t\t\t<\/div>\n\t\t<div class=\"elementor-element elementor-element-5121117 e-con-full e-flex e-con e-child\" data-id=\"5121117\" data-element_type=\"container\" data-e-type=\"container\">\n\t\t\t\t<div class=\"elementor-element elementor-element-9256f99 elementor-widget elementor-widget-image\" data-id=\"9256f99\" data-element_type=\"widget\" data-e-type=\"widget\" data-widget_type=\"image.default\">\n\t\t\t\t\t\t\t\t\t\t\t\t\t\t\t<img fetchpriority=\"high\" decoding=\"async\" width=\"868\" height=\"1059\" src=\"https:\/\/cademin.org\/wp-content\/uploads\/2026\/02\/cvcbdfgn.png\" class=\"attachment-full size-full wp-image-425\" alt=\"\" srcset=\"https:\/\/cademin.org\/wp-content\/uploads\/2026\/02\/cvcbdfgn.png 868w, https:\/\/cademin.org\/wp-content\/uploads\/2026\/02\/cvcbdfgn-246x300.png 246w, https:\/\/cademin.org\/wp-content\/uploads\/2026\/02\/cvcbdfgn-839x1024.png 839w, https:\/\/cademin.org\/wp-content\/uploads\/2026\/02\/cvcbdfgn-768x937.png 768w\" sizes=\"(max-width: 868px) 100vw, 868px\" \/>\t\t\t\t\t\t\t\t\t\t\t\t\t\t\t<\/div>\n\t\t\t\t<div class=\"elementor-element elementor-element-80588bc elementor-widget elementor-widget-spacer\" data-id=\"80588bc\" data-element_type=\"widget\" data-e-type=\"widget\" data-widget_type=\"spacer.default\">\n\t\t\t\t\t\t\t<div class=\"elementor-spacer\">\n\t\t\t<div class=\"elementor-spacer-inner\"><\/div>\n\t\t<\/div>\n\t\t\t\t\t\t<\/div>\n\t\t\t\t<\/div>\n\t\t\t\t\t<\/div>\n\t\t\t\t<\/div>\n\t\t<div class=\"elementor-element elementor-element-9704d91 e-flex e-con-boxed e-con e-parent\" data-id=\"9704d91\" data-element_type=\"container\" data-e-type=\"container\">\n\t\t\t\t\t<div class=\"e-con-inner\">\n\t\t\t\t<div class=\"elementor-element elementor-element-87351ef elementor-widget elementor-widget-spacer\" data-id=\"87351ef\" data-element_type=\"widget\" data-e-type=\"widget\" data-widget_type=\"spacer.default\">\n\t\t\t\t\t\t\t<div class=\"elementor-spacer\">\n\t\t\t<div class=\"elementor-spacer-inner\"><\/div>\n\t\t<\/div>\n\t\t\t\t\t\t<\/div>\n\t\t\t\t\t<\/div>\n\t\t\t\t<\/div>\n\t\t<div class=\"elementor-element elementor-element-54edd9d e-flex e-con-boxed e-con e-parent\" data-id=\"54edd9d\" data-element_type=\"container\" data-e-type=\"container\">\n\t\t\t\t\t<div class=\"e-con-inner\">\n\t\t<div class=\"elementor-element elementor-element-db26982 e-con-full e-flex e-con e-child\" data-id=\"db26982\" data-element_type=\"container\" data-e-type=\"container\">\n\t\t\t\t<div class=\"elementor-element elementor-element-36dd14a elementor-widget elementor-widget-text-editor\" data-id=\"36dd14a\" data-element_type=\"widget\" data-e-type=\"widget\" data-widget_type=\"text-editor.default\">\n\t\t\t\t\t\t\t\t\t<h2 data-start=\"243\" data-end=\"271\"><strong>No som un centre m\u00e9s.<\/strong><\/h2><div class=\"traductor-textarea form-group\"><div class=\"textarea-desti col-xs-12 col-sm-6\"><div class=\"form-control second-textarea\"><p>Som la continu\u00eftat d&#8217;un projecte educatiu amb recorregut.<\/p><p>Cademin\u00a0neix dins de\u00a0Instituci\u00f3\u00a0Familiar d&#8217;Educaci\u00f3, un grup educatiu amb m\u00e9s de 50 anys de traject\u00f2ria i 13 centres a Catalunya.<\/p><p>Durant cinc d\u00e8cades, Instituci\u00f3 ha acompanyat a milers d&#8217;alumnes i fam\u00edlies des de les primeres etapes educatives fins a l&#8217;acc\u00e9s a la universitat. Amb una convicci\u00f3 clara: l&#8217;educaci\u00f3 no \u00e9s nom\u00e9s transmissi\u00f3 de continguts. \u00c9s acompanyament, exig\u00e8ncia i formaci\u00f3 en valors.<\/p><\/div><\/div><\/div>\t\t\t\t\t\t\t\t<\/div>\n\t\t\t\t<\/div>\n\t\t\t\t<div class=\"elementor-element elementor-element-4db8168 elementor-widget elementor-widget-spacer\" data-id=\"4db8168\" data-element_type=\"widget\" data-e-type=\"widget\" data-widget_type=\"spacer.default\">\n\t\t\t\t\t\t\t<div class=\"elementor-spacer\">\n\t\t\t<div class=\"elementor-spacer-inner\"><\/div>\n\t\t<\/div>\n\t\t\t\t\t\t<\/div>\n\t\t<div class=\"elementor-element elementor-element-f91b68d e-con-full e-flex e-con e-child\" data-id=\"f91b68d\" data-element_type=\"container\" data-e-type=\"container\">\n\t\t\t\t<div class=\"elementor-element elementor-element-0ce82bb elementor-widget elementor-widget-image\" data-id=\"0ce82bb\" data-element_type=\"widget\" data-e-type=\"widget\" data-widget_type=\"image.default\">\n\t\t\t\t\t\t\t\t\t\t\t\t\t\t\t<img decoding=\"async\" width=\"1280\" height=\"853\" src=\"https:\/\/cademin.org\/wp-content\/uploads\/2026\/02\/i-HXFdnTW-X2.jpg\" class=\"attachment-full size-full wp-image-411\" alt=\"\" srcset=\"https:\/\/cademin.org\/wp-content\/uploads\/2026\/02\/i-HXFdnTW-X2.jpg 1280w, https:\/\/cademin.org\/wp-content\/uploads\/2026\/02\/i-HXFdnTW-X2-300x200.jpg 300w, https:\/\/cademin.org\/wp-content\/uploads\/2026\/02\/i-HXFdnTW-X2-1024x682.jpg 1024w, https:\/\/cademin.org\/wp-content\/uploads\/2026\/02\/i-HXFdnTW-X2-768x512.jpg 768w\" sizes=\"(max-width: 1280px) 100vw, 1280px\" \/>\t\t\t\t\t\t\t\t\t\t\t\t\t\t\t<\/div>\n\t\t\t\t<\/div>\n\t\t\t\t\t<\/div>\n\t\t\t\t<\/div>\n\t\t<div class=\"elementor-element elementor-element-22142df e-flex e-con-boxed e-con e-parent\" data-id=\"22142df\" data-element_type=\"container\" data-e-type=\"container\">\n\t\t\t\t\t<div class=\"e-con-inner\">\n\t\t<div class=\"elementor-element elementor-element-4b9f5b2 e-con-full e-flex e-con e-child\" data-id=\"4b9f5b2\" data-element_type=\"container\" data-e-type=\"container\">\n\t\t\t\t<div class=\"elementor-element elementor-element-bec3b88 elementor-widget elementor-widget-image\" data-id=\"bec3b88\" data-element_type=\"widget\" data-e-type=\"widget\" data-widget_type=\"image.default\">\n\t\t\t\t\t\t\t\t\t\t\t\t\t\t\t<img decoding=\"async\" width=\"800\" height=\"533\" src=\"https:\/\/cademin.org\/wp-content\/uploads\/2026\/02\/i-2hQzndJ-X2-1024x682.jpg\" class=\"attachment-large size-large wp-image-410\" alt=\"\" srcset=\"https:\/\/cademin.org\/wp-content\/uploads\/2026\/02\/i-2hQzndJ-X2-1024x682.jpg 1024w, https:\/\/cademin.org\/wp-content\/uploads\/2026\/02\/i-2hQzndJ-X2-300x200.jpg 300w, https:\/\/cademin.org\/wp-content\/uploads\/2026\/02\/i-2hQzndJ-X2-768x512.jpg 768w, https:\/\/cademin.org\/wp-content\/uploads\/2026\/02\/i-2hQzndJ-X2.jpg 1280w\" sizes=\"(max-width: 800px) 100vw, 800px\" \/>\t\t\t\t\t\t\t\t\t\t\t\t\t\t\t<\/div>\n\t\t\t\t<\/div>\n\t\t\t\t<div class=\"elementor-element elementor-element-e75dfbe elementor-widget elementor-widget-spacer\" data-id=\"e75dfbe\" data-element_type=\"widget\" data-e-type=\"widget\" data-widget_type=\"spacer.default\">\n\t\t\t\t\t\t\t<div class=\"elementor-spacer\">\n\t\t\t<div class=\"elementor-spacer-inner\"><\/div>\n\t\t<\/div>\n\t\t\t\t\t\t<\/div>\n\t\t<div class=\"elementor-element elementor-element-934b7a0 e-con-full e-flex e-con e-child\" data-id=\"934b7a0\" data-element_type=\"container\" data-e-type=\"container\">\n\t\t\t\t<div class=\"elementor-element elementor-element-868a01c elementor-widget elementor-widget-text-editor\" data-id=\"868a01c\" data-element_type=\"widget\" data-e-type=\"widget\" data-widget_type=\"text-editor.default\">\n\t\t\t\t\t\t\t\t\t<h2 data-start=\"243\" data-end=\"271\"><strong>A Instituci\u00f3, les fam\u00edlies s\u00f3n el primer.<\/strong><\/h2><p>Cada alumne \u00e9s \u00fanic.<br \/>Cada fam\u00edlia confia el m\u00e9s important.<\/p><p>Per aix\u00f2 el projecte educatiu es construeix des de la cura:<br \/>cura en el seguiment, en la comunicaci\u00f3, en el detall i en l&#8217;exig\u00e8ncia acad\u00e8mica.<\/p><p>No es tracta nom\u00e9s d&#8217;aprovar.<br \/>Es tracta de cr\u00e9ixer.<\/p><p>Cr\u00e9ixer en autonomia, en responsabilitat per\u00f2 sobre tot<br \/>cr\u00e9ixer acad\u00e8mica i personalment.<\/p>\t\t\t\t\t\t\t\t<\/div>\n\t\t\t\t<\/div>\n\t\t\t\t\t<\/div>\n\t\t\t\t<\/div>\n\t\t<div class=\"elementor-element elementor-element-fcc2721 e-flex e-con-boxed e-con e-parent\" data-id=\"fcc2721\" data-element_type=\"container\" data-e-type=\"container\">\n\t\t\t\t\t<div class=\"e-con-inner\">\n\t\t<div class=\"elementor-element elementor-element-4b248eb e-con-full e-flex e-con e-child\" data-id=\"4b248eb\" data-element_type=\"container\" data-e-type=\"container\">\n\t\t\t\t<div class=\"elementor-element elementor-element-fba5612 elementor-widget elementor-widget-text-editor\" data-id=\"fba5612\" data-element_type=\"widget\" data-e-type=\"widget\" data-widget_type=\"text-editor.default\">\n\t\t\t\t\t\t\t\t\t<h1><strong>Cademin\u00a0\u00e9s aquesta mateixa manera d&#8217;educar, aplicada a la FP<\/strong><\/h1>\t\t\t\t\t\t\t\t<\/div>\n\t\t\t\t<div class=\"elementor-element elementor-element-409e39a elementor-widget elementor-widget-text-editor\" data-id=\"409e39a\" data-element_type=\"widget\" data-e-type=\"widget\" data-widget_type=\"text-editor.default\">\n\t\t\t\t\t\t\t\t\t<h5 data-start=\"1234\" data-end=\"1313\">La Formaci\u00f3 Professional tamb\u00e9 pot fer-se amb aquest mateix nivell d&#8217;atenci\u00f3.<\/h5><p data-start=\"1234\" data-end=\"1313\">Grups ajustats.<br \/>Seguiment real.<br \/>Professorat en actiu.<br \/>Pr\u00e0ctica integrada.<br \/><br \/>No naixem com una iniciativa a\u00efllada.<br \/>Som l&#8217;evoluci\u00f3 natural d&#8217;un model educatiu que ha demostrat consist\u00e8ncia durant m\u00e9s de 50 anys.<\/p>\t\t\t\t\t\t\t\t<\/div>\n\t\t\t\t<div class=\"elementor-element elementor-element-72fbbd3 elementor-widget elementor-widget-spacer\" data-id=\"72fbbd3\" data-element_type=\"widget\" data-e-type=\"widget\" data-widget_type=\"spacer.default\">\n\t\t\t\t\t\t\t<div class=\"elementor-spacer\">\n\t\t\t<div class=\"elementor-spacer-inner\"><\/div>\n\t\t<\/div>\n\t\t\t\t\t\t<\/div>\n\t\t\t\t<\/div>\n\t\t\t\t<div class=\"elementor-element elementor-element-b818ffa elementor-widget elementor-widget-spacer\" data-id=\"b818ffa\" data-element_type=\"widget\" data-e-type=\"widget\" data-widget_type=\"spacer.default\">\n\t\t\t\t\t\t\t<div class=\"elementor-spacer\">\n\t\t\t<div class=\"elementor-spacer-inner\"><\/div>\n\t\t<\/div>\n\t\t\t\t\t\t<\/div>\n\t\t<div class=\"elementor-element elementor-element-7e5ce05 e-con-full e-flex e-con e-child\" data-id=\"7e5ce05\" data-element_type=\"container\" data-e-type=\"container\">\n\t\t\t\t<div class=\"elementor-element elementor-element-fb832e3 elementor-widget elementor-widget-spacer\" data-id=\"fb832e3\" data-element_type=\"widget\" data-e-type=\"widget\" data-widget_type=\"spacer.default\">\n\t\t\t\t\t\t\t<div class=\"elementor-spacer\">\n\t\t\t<div class=\"elementor-spacer-inner\"><\/div>\n\t\t<\/div>\n\t\t\t\t\t\t<\/div>\n\t\t\t\t<div class=\"elementor-element elementor-element-f5e4d2d elementor-widget elementor-widget-video\" data-id=\"f5e4d2d\" data-element_type=\"widget\" data-e-type=\"widget\" data-settings=\"{&quot;video_type&quot;:&quot;hosted&quot;,&quot;start&quot;:-1,&quot;loop&quot;:&quot;yes&quot;,&quot;controls&quot;:&quot;yes&quot;}\" data-widget_type=\"video.default\">\n\t\t\t\t\t\t\t<div class=\"e-hosted-video elementor-wrapper elementor-open-inline\">\n\t\t\t\t\t<video class=\"elementor-video\" src=\"https:\/\/new.cademin.org\/wp-content\/uploads\/2026\/02\/Copia-de-FINAL-CADEMIN-1.mp4#t=-1\" loop=\"\" controls=\"\" preload=\"auto\" controlsList=\"nodownload\"><\/video>\n\t\t\t\t<\/div>\n\t\t\t\t\t\t<\/div>\n\t\t\t\t<\/div>\n\t\t\t\t\t<\/div>\n\t\t\t\t<\/div>\n\t\t<div class=\"elementor-element elementor-element-f964260 e-flex e-con-boxed e-con e-parent\" data-id=\"f964260\" data-element_type=\"container\" data-e-type=\"container\" data-settings=\"{&quot;background_background&quot;:&quot;classic&quot;}\">\n\t\t\t\t\t<div class=\"e-con-inner\">\n\t\t<div class=\"elementor-element elementor-element-e1cc42e e-con-full e-flex e-con e-child\" data-id=\"e1cc42e\" data-element_type=\"container\" data-e-type=\"container\">\n\t\t\t\t<div class=\"elementor-element elementor-element-7b3d712 elementor-widget elementor-widget-spacer\" data-id=\"7b3d712\" data-element_type=\"widget\" data-e-type=\"widget\" data-widget_type=\"spacer.default\">\n\t\t\t\t\t\t\t<div class=\"elementor-spacer\">\n\t\t\t<div class=\"elementor-spacer-inner\"><\/div>\n\t\t<\/div>\n\t\t\t\t\t\t<\/div>\n\t\t\t\t<div class=\"elementor-element elementor-element-d0a5de2 elementor-widget elementor-widget-heading\" data-id=\"d0a5de2\" data-element_type=\"widget\" data-e-type=\"widget\" data-widget_type=\"heading.default\">\n\t\t\t\t\t<h2 class=\"elementor-heading-title elementor-size-default\">FP boutique no \u00e9s un esl\u00f2gan.<\/h2>\t\t\t\t<\/div>\n\t\t\t\t<div class=\"elementor-element elementor-element-ff755f4 elementor-widget elementor-widget-text-editor\" data-id=\"ff755f4\" data-element_type=\"widget\" data-e-type=\"widget\" data-widget_type=\"text-editor.default\">\n\t\t\t\t\t\t\t\t\t<p data-start=\"1871\" data-end=\"1910\"><strong>\u00c9s una manera d&#8217;entendre l&#8217;educaci\u00f3.<\/strong><\/p>\t\t\t\t\t\t\t\t<\/div>\n\t\t\t\t<div class=\"elementor-element elementor-element-ff276e2 elementor-widget elementor-widget-text-editor\" data-id=\"ff276e2\" data-element_type=\"widget\" data-e-type=\"widget\" data-widget_type=\"text-editor.default\">\n\t\t\t\t\t\t\t\t\t<p data-start=\"1871\" data-end=\"1910\">I comen\u00e7a per una cosa molt senzilla:<br \/><strong>cada alumne importa.<\/strong><\/p>\t\t\t\t\t\t\t\t<\/div>\n\t\t\t\t<div class=\"elementor-element elementor-element-28d1574 elementor-widget elementor-widget-spacer\" data-id=\"28d1574\" data-element_type=\"widget\" data-e-type=\"widget\" data-widget_type=\"spacer.default\">\n\t\t\t\t\t\t\t<div class=\"elementor-spacer\">\n\t\t\t<div class=\"elementor-spacer-inner\"><\/div>\n\t\t<\/div>\n\t\t\t\t\t\t<\/div>\n\t\t\t\t<\/div>\n\t\t\t\t\t<\/div>\n\t\t\t\t<\/div>\n\t\t\t\t<\/div>\n\t\t","protected":false},"excerpt":{"rendered":"<p>QUI SOM Una forma diferent d&#8217;entendre l&#8217;FP No som un centre m\u00e9s. Som la continu\u00eftat d&#8217;un projecte educatiu amb recorregut. Cademin\u00a0neix dins de\u00a0Instituci\u00f3\u00a0Familiar d&#8217;Educaci\u00f3, un grup educatiu amb m\u00e9s de 50 anys de traject\u00f2ria i 13 centres a Catalunya. Durant cinc d\u00e8cades, Instituci\u00f3 ha acompanyat a milers d&#8217;alumnes i fam\u00edlies des de les primeres etapes [&hellip;]<\/p>\n","protected":false},"author":2,"featured_media":0,"parent":0,"menu_order":0,"comment_status":"closed","ping_status":"closed","template":"","meta":{"content-type":"","footnotes":""},"class_list":["post-584","page","type-page","status-publish","hentry"],"_links":{"self":[{"href":"https:\/\/cademin.org\/index.php?rest_route=\/wp\/v2\/pages\/584","targetHints":{"allow":["GET"]}}],"collection":[{"href":"https:\/\/cademin.org\/index.php?rest_route=\/wp\/v2\/pages"}],"about":[{"href":"https:\/\/cademin.org\/index.php?rest_route=\/wp\/v2\/types\/page"}],"author":[{"embeddable":true,"href":"https:\/\/cademin.org\/index.php?rest_route=\/wp\/v2\/users\/2"}],"replies":[{"embeddable":true,"href":"https:\/\/cademin.org\/index.php?rest_route=%2Fwp%2Fv2%2Fcomments&post=584"}],"version-history":[{"count":14,"href":"https:\/\/cademin.org\/index.php?rest_route=\/wp\/v2\/pages\/584\/revisions"}],"predecessor-version":[{"id":863,"href":"https:\/\/cademin.org\/index.php?rest_route=\/wp\/v2\/pages\/584\/revisions\/863"}],"wp:attachment":[{"href":"https:\/\/cademin.org\/index.php?rest_route=%2Fwp%2Fv2%2Fmedia&parent=584"}],"curies":[{"name":"wp","href":"https:\/\/api.w.org\/{rel}","templated":true}]}}